{"id":343,"date":"2021-03-05T17:05:09","date_gmt":"2021-03-05T16:05:09","guid":{"rendered":"http:\/\/www.residenceflower.it\/?page_id=343"},"modified":"2021-03-26T16:49:47","modified_gmt":"2021-03-26T15:49:47","slug":"posti-da-visitare-in-romagna","status":"publish","type":"page","link":"https:\/\/www.residenceflower.it\/it\/posti-da-visitare-in-romagna.html","title":{"rendered":"Posti da visitare in Romagna"},"content":{"rendered":"<section class=\"l-section wpb_row height_auto width_full with_img\"><div class=\"l-section-img\" role=\"img\" aria-label=\"Immagine\" data-img-width=\"2560\" data-img-height=\"1709\" style=\"background-image: url(https:\/\/www.residenceflower.it\/wp-content\/uploads\/2021\/03\/ravenna-santapollinare-scaled.jpg);background-repeat: no-repeat;\"><\/div><div class=\"l-section-h i-cf\"><div class=\"g-cols vc_row via_flex valign_top type_default stacking_default\"><div class=\"vc_col-sm-12 wpb_column vc_column_container\"><div class=\"vc_column-inner\"><div class=\"wpb_wrapper\"><div class=\"w-separator size_huge\"><\/div><div class=\"w-separator size_custom\" style=\"height:300px\"><\/div><div class=\"w-separator size_custom\" style=\"height:300px\"><\/div><div class=\"w-separator size_huge\"><\/div><\/div><\/div><\/div><\/div><\/div><\/section><section class=\"l-section wpb_row us_custom_9bce53c9 height_medium\"><div class=\"l-section-overlay\" style=\"background:#056c50\"><\/div><div class=\"l-section-h i-cf\"><div class=\"g-cols vc_row via_flex valign_top type_default stacking_default\"><div class=\"vc_col-sm-12 wpb_column vc_column_container\"><div class=\"vc_column-inner\"><div class=\"wpb_wrapper\"><div class=\"wpb_text_column us_custom_a0d68f5c\"><div class=\"wpb_wrapper\"><h1 style=\"text-align: center; color: #32dab0;\">Posti da visitare in Romagna<\/h1>\n<\/div><\/div><\/div><\/div><\/div><\/div><\/div><\/section><section class=\"l-section wpb_row height_medium\"><div class=\"l-section-h i-cf\"><div class=\"g-cols vc_row via_flex valign_top type_default stacking_default\"><div class=\"vc_col-sm-12 wpb_column vc_column_container\"><div class=\"vc_column-inner\"><div class=\"wpb_wrapper\"><div class=\"w-tabs us_custom_bdea2f29 style_default switch_click accordion has_scrolling\" style=\"--sections-title-size:inherit\"><div class=\"w-tabs-sections titles-align_none icon_chevron cpos_left\"><div class=\"w-tabs-section active\" id=\"oc5b\"><button class=\"w-tabs-section-header active\" aria-controls=\"content-oc5b\" aria-expanded=\"true\"><div class=\"w-tabs-section-title\">Santarcangelo di Romagna a 10 km<\/div><div class=\"w-tabs-section-control\"><\/div><\/button><div  class=\"w-tabs-section-content\" id=\"content-oc5b\"><div class=\"w-tabs-section-content-h i-cf\"><div class=\"wpb_text_column\"><div class=\"wpb_wrapper\"><p>\u00c8 famosa per le sue grotte sul Monte Giove. Un lungo percorso di gallerie sotterranee, cunicoli e strettoie dove si annidano storie d\u2019amore e passioni lontane. Una vera e propria citt\u00e0 segreta la cui reale origine ad oggi \u00e8 ancora un mistero.<\/p>\n<p>Da vedere il Pieve, la Rocca Malatestiana e l\u2019Arco Ganganelli. In estate \u00e8 sede del Festival del Teatro in piazza, un\u2019occasione da non perdere per chi ama il palcoscenico all\u2019aperto.<\/p>\n<\/div><\/div><div class=\"w-image align_center\"><div class=\"w-image-h\"><img decoding=\"async\" width=\"1024\" height=\"605\" src=\"https:\/\/www.residenceflower.it\/wp-content\/uploads\/2021\/03\/santarcangelo-pubs-1024x605.jpg\" class=\"attachment-large size-large\" alt=\"\" loading=\"lazy\" srcset=\"https:\/\/www.residenceflower.it\/wp-content\/uploads\/2021\/03\/santarcangelo-pubs-1024x605.jpg 1024w, https:\/\/www.residenceflower.it\/wp-content\/uploads\/2021\/03\/santarcangelo-pubs-300x177.jpg 300w, https:\/\/www.residenceflower.it\/wp-content\/uploads\/2021\/03\/santarcangelo-pubs-600x355.jpg 600w, https:\/\/www.residenceflower.it\/wp-content\/uploads\/2021\/03\/santarcangelo-pubs.jpg 1184w\" sizes=\"auto, (max-width: 1024px) 100vw, 1024px\" \/><\/div><\/div><\/div><\/div><\/div><div class=\"w-tabs-section\" id=\"x329\"><button class=\"w-tabs-section-header\" aria-controls=\"content-x329\" aria-expanded=\"false\"><div class=\"w-tabs-section-title\">Rimini a 13 km<\/div><div class=\"w-tabs-section-control\"><\/div><\/button><div  class=\"w-tabs-section-content\" id=\"content-x329\"><div class=\"w-tabs-section-content-h i-cf\"><div class=\"wpb_text_column\"><div class=\"wpb_wrapper\"><p>Rimini \u00e8 cultura, arte, musica, concerti, eventi e fiere del gusto. Da visitare la <strong>Domus del chirurgo<\/strong>, il Museo della Citt\u00e0 \u201cLuigi Tonini\u201d, il borgo San Giuliano, il <strong>Tempio Malatestiano<\/strong>, la vecchia pescheria e molto altro ancora. Girare con una piccola memo degli eventi riminesi \u00e8 indispensabile per non perdersi nulla. <\/p>\n<\/div><\/div><div class=\"w-image align_center\"><div class=\"w-image-h\"><img decoding=\"async\" width=\"1000\" height=\"666\" src=\"https:\/\/www.residenceflower.it\/wp-content\/uploads\/2021\/03\/rimini-arco-augusto.jpg\" class=\"attachment-large size-large\" alt=\"\" loading=\"lazy\" srcset=\"https:\/\/www.residenceflower.it\/wp-content\/uploads\/2021\/03\/rimini-arco-augusto.jpg 1000w, https:\/\/www.residenceflower.it\/wp-content\/uploads\/2021\/03\/rimini-arco-augusto-300x200.jpg 300w, https:\/\/www.residenceflower.it\/wp-content\/uploads\/2021\/03\/rimini-arco-augusto-600x400.jpg 600w\" sizes=\"auto, (max-width: 1000px) 100vw, 1000px\" \/><\/div><\/div><\/div><\/div><\/div><div class=\"w-tabs-section\" id=\"lae2\"><button class=\"w-tabs-section-header\" aria-controls=\"content-lae2\" aria-expanded=\"false\"><div class=\"w-tabs-section-title\">San Marino a 34 km<\/div><div class=\"w-tabs-section-control\"><\/div><\/button><div  class=\"w-tabs-section-content\" id=\"content-lae2\"><div class=\"w-tabs-section-content-h i-cf\"><div class=\"wpb_text_column\"><div class=\"wpb_wrapper\"><p>Venire in Romagna e non <strong>visitare San Marino?<\/strong> Impossibile. Questa piccola repubblica, questo Stato fuori dall\u2019Italia ma dentro l\u2019Italia va visto.<\/p>\n<p>Fosse <strong>solo un giorno<\/strong> o per una <strong>passeggiata al tramonto<\/strong> o per mangiare in qualche ristorantino nel suo centro storico.<\/p>\n<p>San Marino chiama turisti da tutto il mondo. Attratti dalla bellezza intatta, dalle sue tre torri (la Guaita, la Cesta e il Montale) e da questo borgo sul Monte Titanio dove un tempo la storia parlava d\u2019Italia.<\/p>\n<\/div><\/div><div class=\"w-image align_center\"><div class=\"w-image-h\"><img decoding=\"async\" width=\"971\" height=\"614\" src=\"https:\/\/www.residenceflower.it\/wp-content\/uploads\/2021\/03\/san-marino-2.jpg\" class=\"attachment-large size-large\" alt=\"\" loading=\"lazy\" srcset=\"https:\/\/www.residenceflower.it\/wp-content\/uploads\/2021\/03\/san-marino-2.jpg 971w, https:\/\/www.residenceflower.it\/wp-content\/uploads\/2021\/03\/san-marino-2-300x190.jpg 300w, https:\/\/www.residenceflower.it\/wp-content\/uploads\/2021\/03\/san-marino-2-600x379.jpg 600w\" sizes=\"auto, (max-width: 971px) 100vw, 971px\" \/><\/div><\/div><\/div><\/div><\/div><div class=\"w-tabs-section\" id=\"f0ec\"><button class=\"w-tabs-section-header\" aria-controls=\"content-f0ec\" aria-expanded=\"false\"><div class=\"w-tabs-section-title\">Cesena a 20 km<\/div><div class=\"w-tabs-section-control\"><\/div><\/button><div  class=\"w-tabs-section-content\" id=\"content-f0ec\"><div class=\"w-tabs-section-content-h i-cf\"><div class=\"wpb_text_column\"><div class=\"wpb_wrapper\"><p>Piccola e deliziosa, Cesena \u00e8 una cittadina che offre molto al turista in cerca di <strong>tranquillit\u00e0<\/strong> ma non di noia. Il suo <strong>centro storico<\/strong>, circondato dalle mura urbiche, \u00e8 ben tenuto e animato con ristorantini e pub. Si mangia bene e l\u2019ospitalit\u00e0 \u00e8 di casa.<\/p>\n<p><strong>Da vedere<\/strong> la Cattedrale con gli affreschi, l\u2019altare del Corpus Domini e il campanile, la Rocca Malatestiana, il Museo storico, Piazza del Popolo, il Parco della Rimembranza e molto altro ancora. A fine giugno c\u2019\u00e8 la tradizionale Fiera di San Giovanni.<\/p>\n<\/div><\/div><div class=\"w-image align_center\"><div class=\"w-image-h\"><img decoding=\"async\" width=\"924\" height=\"569\" src=\"https:\/\/www.residenceflower.it\/wp-content\/uploads\/2021\/03\/cesena2.png\" class=\"attachment-large size-large\" alt=\"\" loading=\"lazy\" srcset=\"https:\/\/www.residenceflower.it\/wp-content\/uploads\/2021\/03\/cesena2.png 924w, https:\/\/www.residenceflower.it\/wp-content\/uploads\/2021\/03\/cesena2-300x185.png 300w, https:\/\/www.residenceflower.it\/wp-content\/uploads\/2021\/03\/cesena2-600x369.png 600w\" sizes=\"auto, (max-width: 924px) 100vw, 924px\" \/><\/div><\/div><\/div><\/div><\/div><div class=\"w-tabs-section\" id=\"z604\"><button class=\"w-tabs-section-header\" aria-controls=\"content-z604\" aria-expanded=\"false\"><div class=\"w-tabs-section-title\">Castello di Montebello a 25 km<\/div><div class=\"w-tabs-section-control\"><\/div><\/button><div  class=\"w-tabs-section-content\" id=\"content-z604\"><div class=\"w-tabs-section-content-h i-cf\"><div class=\"wpb_text_column\"><div class=\"wpb_wrapper\"><p><strong>Chi ha paura<\/strong> si tenga lontano da questo castello, ma gli intrepidi e i coraggiosi si facciano avanti: il fantasma Azzurrina vi aspetta.<\/p>\n<p><strong>Il Castello di Montebello<\/strong>, in provincia di Rimini, \u00e8 uno dei posti pi\u00f9 conosciuti tra gli amanti degli acchiappa fantasmi. La storia della bambina che appare il giorno del Solstizio d\u2019estate e fa tremare anche i muri \u00e8 leggenda o cruda verit\u00e0? Il castello \u00e8 molto visitato e non \u00e8 difficile imbattersi in troupe televisive e registi in cerca d\u2019ispirazioni horror.<\/p>\n<\/div><\/div><div class=\"w-image align_center\"><div class=\"w-image-h\"><img decoding=\"async\" width=\"1000\" height=\"669\" src=\"https:\/\/www.residenceflower.it\/wp-content\/uploads\/2021\/03\/azzurrina.jpg\" class=\"attachment-large size-large\" alt=\"\" loading=\"lazy\" srcset=\"https:\/\/www.residenceflower.it\/wp-content\/uploads\/2021\/03\/azzurrina.jpg 1000w, https:\/\/www.residenceflower.it\/wp-content\/uploads\/2021\/03\/azzurrina-300x201.jpg 300w, https:\/\/www.residenceflower.it\/wp-content\/uploads\/2021\/03\/azzurrina-598x400.jpg 598w\" sizes=\"auto, (max-width: 1000px) 100vw, 1000px\" \/><\/div><\/div><\/div><\/div><\/div><div class=\"w-tabs-section\" id=\"raee\"><button class=\"w-tabs-section-header\" aria-controls=\"content-raee\" aria-expanded=\"false\"><div class=\"w-tabs-section-title\">Sogliano al Rubicone<\/div><div class=\"w-tabs-section-control\"><\/div><\/button><div  class=\"w-tabs-section-content\" id=\"content-raee\"><div class=\"w-tabs-section-content-h i-cf\"><div class=\"wpb_text_column\"><div class=\"wpb_wrapper\"><p><strong>Il famoso formaggio di Fossa<\/strong> ha origini proprio a Sogliano al Rubicone. Una scappata per assaggiare questo tipico formaggio romagnolo vale la pena e poi la citt\u00e0 \u00e8 carina.<\/p>\n<p>Ha scorci panoramici sul mare e le sue fiere sono attraenti. In piazza Matteotti c\u2019\u00e8 l\u2019ex casa del fascio, un palazzo degli anni \u201930, oggi sede della pro-loco, delle poste e di alcune filiali bancarie.<\/p>\n<p>Antistante \u00e8 possibile ammirare la Fontana delle farfalle di Marco Bravura su idea del poeta Tonino Guerra.<\/p>\n<\/div><\/div><div class=\"w-image align_center\"><div class=\"w-image-h\"><img decoding=\"async\" width=\"1000\" height=\"666\" src=\"https:\/\/www.residenceflower.it\/wp-content\/uploads\/2021\/03\/formaggio-fossa-sogliano.jpg\" class=\"attachment-large size-large\" alt=\"\" loading=\"lazy\" srcset=\"https:\/\/www.residenceflower.it\/wp-content\/uploads\/2021\/03\/formaggio-fossa-sogliano.jpg 1000w, https:\/\/www.residenceflower.it\/wp-content\/uploads\/2021\/03\/formaggio-fossa-sogliano-300x200.jpg 300w, https:\/\/www.residenceflower.it\/wp-content\/uploads\/2021\/03\/formaggio-fossa-sogliano-600x400.jpg 600w\" sizes=\"auto, (max-width: 1000px) 100vw, 1000px\" \/><\/div><\/div><\/div><\/div><\/div><div class=\"w-tabs-section\" id=\"b141\"><button class=\"w-tabs-section-header\" aria-controls=\"content-b141\" aria-expanded=\"false\"><div class=\"w-tabs-section-title\">Gradara a 42 km<\/div><div class=\"w-tabs-section-control\"><\/div><\/button><div  class=\"w-tabs-section-content\" id=\"content-b141\"><div class=\"w-tabs-section-content-h i-cf\"><div class=\"wpb_text_column\"><div class=\"wpb_wrapper\"><p><strong>Paolo e Francesca<\/strong>, vi ricorda qualcosa? L\u2019ambientazione \u00e8 proprio quella del borgo di Gradara.<\/p>\n<p>La citt\u00e0 deve aver ispirato cos\u00ec tanto il Sommo Poeta da volerla celebrare in uno dei suoi pi\u00f9 famosi endecasillabi, quello dedicato ai due amanti infelici.<\/p>\n<p><strong>\u00c8 un borgo animato<\/strong>, non solo durante i periodi estivi, in genere tutto l\u2019anno, perch\u00e9 organizza diversi eventi. Da vedere la Rocca, il castello e perdersi tra le manifestazioni storiche in costume d\u2019epoca.<\/p>\n<\/div><\/div><div class=\"w-image align_center\"><div class=\"w-image-h\"><img decoding=\"async\" width=\"924\" height=\"569\" src=\"https:\/\/www.residenceflower.it\/wp-content\/uploads\/2021\/03\/gradara-castello.jpg\" class=\"attachment-large size-large\" alt=\"\" loading=\"lazy\" srcset=\"https:\/\/www.residenceflower.it\/wp-content\/uploads\/2021\/03\/gradara-castello.jpg 924w, https:\/\/www.residenceflower.it\/wp-content\/uploads\/2021\/03\/gradara-castello-300x185.jpg 300w, https:\/\/www.residenceflower.it\/wp-content\/uploads\/2021\/03\/gradara-castello-600x369.jpg 600w\" sizes=\"auto, (max-width: 924px) 100vw, 924px\" \/><\/div><\/div><\/div><\/div><\/div><div class=\"w-tabs-section\" id=\"q8f7\"><button class=\"w-tabs-section-header\" aria-controls=\"content-q8f7\" aria-expanded=\"false\"><div class=\"w-tabs-section-title\">San Leo a 38 km<\/div><div class=\"w-tabs-section-control\"><\/div><\/button><div  class=\"w-tabs-section-content\" id=\"content-q8f7\"><div class=\"w-tabs-section-content-h i-cf\"><div class=\"wpb_text_column\"><div class=\"wpb_wrapper\"><p><strong>Cagliostro<\/strong> si dice fosse stato prigioniero proprio nella Rocca di S. Leo. Che da quella altezza abbia dato l\u2019ultimo sguardo al mondo prima di morire e portare con se i suoi segreti alchimisti.<\/p>\n<p>Ma al di l\u00e0 di questo illustre personaggio San Leo merita d\u2019essere visitata per le sue bellezze. \u00c8 una citt\u00e0 d\u2019arte, <strong>dimora dei Montefeltro,<\/strong> e si mangia bene.<\/p>\n<p><strong>Da visitare<\/strong> il Pieve, il Duomo e la Fortezza. La festa pi\u00f9 importante \u00e8 quella di S. Leone, patrono della citt\u00e0.<\/p>\n<\/div><\/div><div class=\"w-image align_center\"><div class=\"w-image-h\"><img decoding=\"async\" width=\"1024\" height=\"683\" src=\"https:\/\/www.residenceflower.it\/wp-content\/uploads\/2021\/03\/rocca-san-leo-1024x683.jpg\" class=\"attachment-large size-large\" alt=\"\" loading=\"lazy\" srcset=\"https:\/\/www.residenceflower.it\/wp-content\/uploads\/2021\/03\/rocca-san-leo-1024x683.jpg 1024w, https:\/\/www.residenceflower.it\/wp-content\/uploads\/2021\/03\/rocca-san-leo-300x200.jpg 300w, https:\/\/www.residenceflower.it\/wp-content\/uploads\/2021\/03\/rocca-san-leo-600x400.jpg 600w, https:\/\/www.residenceflower.it\/wp-content\/uploads\/2021\/03\/rocca-san-leo.jpg 1050w\" sizes=\"auto, (max-width: 1024px) 100vw, 1024px\" \/><\/div><\/div><\/div><\/div><\/div><div class=\"w-tabs-section\" id=\"gff3\"><button class=\"w-tabs-section-header\" aria-controls=\"content-gff3\" aria-expanded=\"false\"><div class=\"w-tabs-section-title\">Saludecio a 48 km<\/div><div class=\"w-tabs-section-control\"><\/div><\/button><div  class=\"w-tabs-section-content\" id=\"content-gff3\"><div class=\"w-tabs-section-content-h i-cf\"><div class=\"w-image align_center\"><div class=\"w-image-h\"><img decoding=\"async\" width=\"800\" height=\"600\" src=\"https:\/\/www.residenceflower.it\/wp-content\/uploads\/2021\/03\/saludecio.jpg\" class=\"attachment-large size-large\" alt=\"\" loading=\"lazy\" srcset=\"https:\/\/www.residenceflower.it\/wp-content\/uploads\/2021\/03\/saludecio.jpg 800w, https:\/\/www.residenceflower.it\/wp-content\/uploads\/2021\/03\/saludecio-300x225.jpg 300w, https:\/\/www.residenceflower.it\/wp-content\/uploads\/2021\/03\/saludecio-533x400.jpg 533w\" sizes=\"auto, (max-width: 800px) 100vw, 800px\" \/><\/div><\/div><div class=\"wpb_text_column\"><div class=\"wpb_wrapper\"><p>Ci troviamo in provincia di Rimini, in quella che fu la terra dei Malatesta. <strong>Saludecio<\/strong> \u00e8 un borgo romagnolo dove la storia si tocca dappertutto: nei piatti della tradizione, fra i palazzi signorili, lungo viuzze medievali.<\/p>\n<p><strong>Da vedere<\/strong> nelle vie del centro storico le sue chiese, la torre civica, le mura medievali, le piazze per una sosta tranquilla, i giardini e i musei cittadini.<\/p>\n<p><strong>Da non perdere<\/strong> l\u2019itinerario fatto di murales. Un percorso meraviglioso di 40 opere dipinte dagli artisti ARPERC sui muri delle case e che ha trasformato Saludecio in Citt\u00e0 dei Muri Dipinti.<\/p>\n<\/div><\/div><\/div><\/div><\/div><\/div><\/div><\/div><\/div><\/div><\/div><\/div><\/section>\n","protected":false},"excerpt":{"rendered":"Posti da visitare in Romagna Santarcangelo di Romagna a 10 km\u00c8 famosa per le sue grotte sul Monte Giove. Un lungo percorso di gallerie sotterranee, cunicoli e strettoie dove si annidano storie d\u2019amore e passioni lontane. Una vera e propria citt\u00e0 segreta la cui reale origine ad oggi \u00e8 ancora un mistero. Da vedere il...","protected":false},"author":1,"featured_media":0,"parent":0,"menu_order":0,"comment_status":"closed","ping_status":"closed","template":"","meta":{"footnotes":""},"class_list":["post-343","page","type-page","status-publish","hentry"],"yoast_head":"<!-- This site is optimized with the Yoast SEO plugin v26.4 - https:\/\/yoast.com\/wordpress\/plugins\/seo\/ -->\n<title>Posti da visitare in Romagna<\/title>\n<meta name=\"description\" content=\"Posti da visitare in Romagna: Santarcangelo di Romagna, Rimini, San Marino, Cesena, Montebello, Sogliano al Rubicone, Gradara, San Leo, Saludecio.\" \/>\n<meta name=\"robots\" content=\"index, follow, max-snippet:-1, max-image-preview:large, max-video-preview:-1\" \/>\n<link rel=\"canonical\" href=\"https:\/\/www.residenceflower.it\/it\/posti-da-visitare-in-romagna.html\" \/>\n<meta property=\"og:locale\" content=\"it_IT\" \/>\n<meta property=\"og:type\" content=\"article\" \/>\n<meta property=\"og:title\" content=\"Posti da visitare in Romagna\" \/>\n<meta property=\"og:description\" content=\"Posti da visitare in Romagna: Santarcangelo di Romagna, Rimini, San Marino, Cesena, Montebello, Sogliano al Rubicone, Gradara, San Leo, Saludecio.\" \/>\n<meta property=\"og:url\" content=\"https:\/\/www.residenceflower.it\/it\/posti-da-visitare-in-romagna.html\" \/>\n<meta property=\"og:site_name\" content=\"Residence Flower\" \/>\n<meta property=\"article:modified_time\" content=\"2021-03-26T15:49:47+00:00\" \/>\n<meta name=\"twitter:card\" content=\"summary_large_image\" \/>\n<meta name=\"twitter:label1\" content=\"Tempo di lettura stimato\" \/>\n\t<meta name=\"twitter:data1\" content=\"4 minuti\" \/>\n<script type=\"application\/ld+json\" class=\"yoast-schema-graph\">{\"@context\":\"https:\/\/schema.org\",\"@graph\":[{\"@type\":\"WebPage\",\"@id\":\"https:\/\/www.residenceflower.it\/it\/posti-da-visitare-in-romagna.html\",\"url\":\"https:\/\/www.residenceflower.it\/it\/posti-da-visitare-in-romagna.html\",\"name\":\"Posti da visitare in Romagna\",\"isPartOf\":{\"@id\":\"https:\/\/www.residenceflower.it\/it\/#website\"},\"datePublished\":\"2021-03-05T16:05:09+00:00\",\"dateModified\":\"2021-03-26T15:49:47+00:00\",\"description\":\"Posti da visitare in Romagna: Santarcangelo di Romagna, Rimini, San Marino, Cesena, Montebello, Sogliano al Rubicone, Gradara, San Leo, Saludecio.\",\"breadcrumb\":{\"@id\":\"https:\/\/www.residenceflower.it\/it\/posti-da-visitare-in-romagna.html#breadcrumb\"},\"inLanguage\":\"it-IT\",\"potentialAction\":[{\"@type\":\"ReadAction\",\"target\":[\"https:\/\/www.residenceflower.it\/it\/posti-da-visitare-in-romagna.html\"]}]},{\"@type\":\"BreadcrumbList\",\"@id\":\"https:\/\/www.residenceflower.it\/it\/posti-da-visitare-in-romagna.html#breadcrumb\",\"itemListElement\":[{\"@type\":\"ListItem\",\"position\":1,\"name\":\"Home\",\"item\":\"https:\/\/www.residenceflower.it\/it\"},{\"@type\":\"ListItem\",\"position\":2,\"name\":\"Posti da visitare in Romagna\"}]},{\"@type\":\"WebSite\",\"@id\":\"https:\/\/www.residenceflower.it\/it\/#website\",\"url\":\"https:\/\/www.residenceflower.it\/it\/\",\"name\":\"Residence Flower\",\"description\":\"Appartamenti estivi Igea Marina\",\"potentialAction\":[{\"@type\":\"SearchAction\",\"target\":{\"@type\":\"EntryPoint\",\"urlTemplate\":\"https:\/\/www.residenceflower.it\/it\/?s={search_term_string}\"},\"query-input\":{\"@type\":\"PropertyValueSpecification\",\"valueRequired\":true,\"valueName\":\"search_term_string\"}}],\"inLanguage\":\"it-IT\"}]}<\/script>\n<!-- \/ Yoast SEO plugin. -->","yoast_head_json":{"title":"Posti da visitare in Romagna","description":"Posti da visitare in Romagna: Santarcangelo di Romagna, Rimini, San Marino, Cesena, Montebello, Sogliano al Rubicone, Gradara, San Leo, Saludecio.","robots":{"index":"index","follow":"follow","max-snippet":"max-snippet:-1","max-image-preview":"max-image-preview:large","max-video-preview":"max-video-preview:-1"},"canonical":"https:\/\/www.residenceflower.it\/it\/posti-da-visitare-in-romagna.html","og_locale":"it_IT","og_type":"article","og_title":"Posti da visitare in Romagna","og_description":"Posti da visitare in Romagna: Santarcangelo di Romagna, Rimini, San Marino, Cesena, Montebello, Sogliano al Rubicone, Gradara, San Leo, Saludecio.","og_url":"https:\/\/www.residenceflower.it\/it\/posti-da-visitare-in-romagna.html","og_site_name":"Residence Flower","article_modified_time":"2021-03-26T15:49:47+00:00","twitter_card":"summary_large_image","twitter_misc":{"Tempo di lettura stimato":"4 minuti"},"schema":{"@context":"https:\/\/schema.org","@graph":[{"@type":"WebPage","@id":"https:\/\/www.residenceflower.it\/it\/posti-da-visitare-in-romagna.html","url":"https:\/\/www.residenceflower.it\/it\/posti-da-visitare-in-romagna.html","name":"Posti da visitare in Romagna","isPartOf":{"@id":"https:\/\/www.residenceflower.it\/it\/#website"},"datePublished":"2021-03-05T16:05:09+00:00","dateModified":"2021-03-26T15:49:47+00:00","description":"Posti da visitare in Romagna: Santarcangelo di Romagna, Rimini, San Marino, Cesena, Montebello, Sogliano al Rubicone, Gradara, San Leo, Saludecio.","breadcrumb":{"@id":"https:\/\/www.residenceflower.it\/it\/posti-da-visitare-in-romagna.html#breadcrumb"},"inLanguage":"it-IT","potentialAction":[{"@type":"ReadAction","target":["https:\/\/www.residenceflower.it\/it\/posti-da-visitare-in-romagna.html"]}]},{"@type":"BreadcrumbList","@id":"https:\/\/www.residenceflower.it\/it\/posti-da-visitare-in-romagna.html#breadcrumb","itemListElement":[{"@type":"ListItem","position":1,"name":"Home","item":"https:\/\/www.residenceflower.it\/it"},{"@type":"ListItem","position":2,"name":"Posti da visitare in Romagna"}]},{"@type":"WebSite","@id":"https:\/\/www.residenceflower.it\/it\/#website","url":"https:\/\/www.residenceflower.it\/it\/","name":"Residence Flower","description":"Appartamenti estivi Igea Marina","potentialAction":[{"@type":"SearchAction","target":{"@type":"EntryPoint","urlTemplate":"https:\/\/www.residenceflower.it\/it\/?s={search_term_string}"},"query-input":{"@type":"PropertyValueSpecification","valueRequired":true,"valueName":"search_term_string"}}],"inLanguage":"it-IT"}]}},"_links":{"self":[{"href":"https:\/\/www.residenceflower.it\/it\/wp-json\/wp\/v2\/pages\/343","targetHints":{"allow":["GET"]}}],"collection":[{"href":"https:\/\/www.residenceflower.it\/it\/wp-json\/wp\/v2\/pages"}],"about":[{"href":"https:\/\/www.residenceflower.it\/it\/wp-json\/wp\/v2\/types\/page"}],"author":[{"embeddable":true,"href":"https:\/\/www.residenceflower.it\/it\/wp-json\/wp\/v2\/users\/1"}],"replies":[{"embeddable":true,"href":"https:\/\/www.residenceflower.it\/it\/wp-json\/wp\/v2\/comments?post=343"}],"version-history":[{"count":9,"href":"https:\/\/www.residenceflower.it\/it\/wp-json\/wp\/v2\/pages\/343\/revisions"}],"predecessor-version":[{"id":588,"href":"https:\/\/www.residenceflower.it\/it\/wp-json\/wp\/v2\/pages\/343\/revisions\/588"}],"wp:attachment":[{"href":"https:\/\/www.residenceflower.it\/it\/wp-json\/wp\/v2\/media?parent=343"}],"curies":[{"name":"wp","href":"https:\/\/api.w.org\/{rel}","templated":true}]}}