{"id":392,"date":"2021-03-05T17:32:42","date_gmt":"2021-03-05T16:32:42","guid":{"rendered":"http:\/\/www.residenceflower.it\/?page_id=392"},"modified":"2021-03-26T16:51:37","modified_gmt":"2021-03-26T15:51:37","slug":"parchi-divertimento-in-romagna","status":"publish","type":"page","link":"https:\/\/www.residenceflower.it\/it\/parchi-divertimento-in-romagna.html","title":{"rendered":"Parchi divertimento in Romagna, Quelli da Visitare"},"content":{"rendered":"<section class=\"l-section wpb_row height_auto width_full with_img\"><div class=\"l-section-img\" role=\"img\" aria-label=\"Immagine\" data-img-width=\"1920\" data-img-height=\"920\" style=\"background-image: url(https:\/\/www.residenceflower.it\/wp-content\/uploads\/2021\/03\/oltremare-bimbi-delfini-1.jpg);background-repeat: no-repeat;\"><\/div><div class=\"l-section-h i-cf\"><div class=\"g-cols vc_row via_flex valign_top type_default stacking_default\"><div class=\"vc_col-sm-12 wpb_column vc_column_container\"><div class=\"vc_column-inner\"><div class=\"wpb_wrapper\"><div class=\"w-separator size_huge\"><\/div><div class=\"w-separator size_custom\" style=\"height:300px\"><\/div><div class=\"w-separator size_custom\" style=\"height:300px\"><\/div><div class=\"w-separator size_huge\"><\/div><\/div><\/div><\/div><\/div><\/div><\/section><section class=\"l-section wpb_row us_custom_9bce53c9 height_medium\"><div class=\"l-section-overlay\" style=\"background:#056c50\"><\/div><div class=\"l-section-h i-cf\"><div class=\"g-cols vc_row via_flex valign_top type_default stacking_default\"><div class=\"vc_col-sm-12 wpb_column vc_column_container\"><div class=\"vc_column-inner\"><div class=\"wpb_wrapper\"><div class=\"wpb_text_column us_custom_a0d68f5c\"><div class=\"wpb_wrapper\"><h1 style=\"text-align: center; color: #32dab0;\">Parchi divertimento in Romagna<\/h1>\n<\/div><\/div><\/div><\/div><\/div><\/div><\/div><\/section><section class=\"l-section wpb_row height_medium\"><div class=\"l-section-h i-cf\"><div class=\"g-cols vc_row via_flex valign_top type_default stacking_default\"><div class=\"vc_col-sm-12 wpb_column vc_column_container\"><div class=\"vc_column-inner\"><div class=\"wpb_wrapper\"><div class=\"w-tabs us_custom_bdea2f29 style_default switch_click accordion has_scrolling\" style=\"--sections-title-size:inherit\"><div class=\"w-tabs-sections titles-align_none icon_chevron cpos_left\"><div class=\"w-tabs-section active\" id=\"sd02\"><button class=\"w-tabs-section-header active\" aria-controls=\"content-sd02\" aria-expanded=\"true\"><div class=\"w-tabs-section-title\">Mirabilandia<\/div><div class=\"w-tabs-section-control\"><\/div><\/button><div  class=\"w-tabs-section-content\" id=\"content-sd02\"><div class=\"w-tabs-section-content-h i-cf\"><div class=\"wpb_text_column\"><div class=\"wpb_wrapper\"><p>\u00c8 il parco simbolo della Romagna. Tra i pi\u00f9 conosciuti, famosi e anche il pi\u00f9 grande d\u2019Italia. 800mila metri quadrati con attrazioni, spettacoli dal vivo e tantissimo divertimento. Mirabilandia beach \u00e8 il parco acquatico di Mirabilandia, con scivoli e giochi d\u2019acqua, un piccolo paradiso tropicale poco distante. Si trova a Ravenna, uscita Mirabilandia<\/p>\n<\/div><\/div><div class=\"w-image align_center\"><div class=\"w-image-h\"><img decoding=\"async\" width=\"768\" height=\"474\" src=\"https:\/\/www.residenceflower.it\/wp-content\/uploads\/2021\/03\/mirabilandia-katun-768x474-1.jpg\" class=\"attachment-large size-large\" alt=\"\" loading=\"lazy\" srcset=\"https:\/\/www.residenceflower.it\/wp-content\/uploads\/2021\/03\/mirabilandia-katun-768x474-1.jpg 768w, https:\/\/www.residenceflower.it\/wp-content\/uploads\/2021\/03\/mirabilandia-katun-768x474-1-300x185.jpg 300w, https:\/\/www.residenceflower.it\/wp-content\/uploads\/2021\/03\/mirabilandia-katun-768x474-1-600x370.jpg 600w\" sizes=\"auto, (max-width: 768px) 100vw, 768px\" \/><\/div><\/div><\/div><\/div><\/div><div class=\"w-tabs-section\" id=\"s432\"><button class=\"w-tabs-section-header\" aria-controls=\"content-s432\" aria-expanded=\"false\"><div class=\"w-tabs-section-title\">Italia in Miniatura<\/div><div class=\"w-tabs-section-control\"><\/div><\/button><div  class=\"w-tabs-section-content\" id=\"content-s432\"><div class=\"w-tabs-section-content-h i-cf\"><div class=\"wpb_text_column\"><div class=\"wpb_wrapper\"><p>\u00c8 il parco preferito dalle famiglie che potranno camminare nelle piazze pi\u00f9 belle del mondo, come San Pietro, e toccare la famosa cupola con una mano sola senza sentirsi dei giganti. O salire sulla torre di Pisa, riproduzione fedele del monumento pi\u00f9 sbilenco della storia d\u2019Italia. Il parco ospita scolaresche, visite guidate e spettacoli di animazione. Si trova a Viserba di Rimini.<\/p>\n<\/div><\/div><div class=\"w-image align_center\"><div class=\"w-image-h\"><img decoding=\"async\" width=\"768\" height=\"512\" src=\"https:\/\/www.residenceflower.it\/wp-content\/uploads\/2021\/03\/italia-in-miniatura-spiaggia-di-rimini-768x512-1.jpg\" class=\"attachment-large size-large\" alt=\"\" loading=\"lazy\" srcset=\"https:\/\/www.residenceflower.it\/wp-content\/uploads\/2021\/03\/italia-in-miniatura-spiaggia-di-rimini-768x512-1.jpg 768w, https:\/\/www.residenceflower.it\/wp-content\/uploads\/2021\/03\/italia-in-miniatura-spiaggia-di-rimini-768x512-1-300x200.jpg 300w, https:\/\/www.residenceflower.it\/wp-content\/uploads\/2021\/03\/italia-in-miniatura-spiaggia-di-rimini-768x512-1-600x400.jpg 600w\" sizes=\"auto, (max-width: 768px) 100vw, 768px\" \/><\/div><\/div><\/div><\/div><\/div><div class=\"w-tabs-section\" id=\"y5a4\"><button class=\"w-tabs-section-header\" aria-controls=\"content-y5a4\" aria-expanded=\"false\"><div class=\"w-tabs-section-title\">Oltremare<\/div><div class=\"w-tabs-section-control\"><\/div><\/button><div  class=\"w-tabs-section-content\" id=\"content-y5a4\"><div class=\"w-tabs-section-content-h i-cf\"><div class=\"wpb_text_column\"><div class=\"wpb_wrapper\"><p>Il parco acquatico che ospita un <strong>delfinario<\/strong>. Oltremare \u00e8 il parco preferito dai bambini questo \u00e8 certo, ma anche agli adulti piacer\u00e0.<\/p>\n<p>Moltissime le attrazioni e gli animali da vedere. Non solo lo spettacolo dei delfini, c\u2019\u00e8 anche quello dei <strong>falconieri<\/strong>, e il battesimo della sella per dar modo ai pi\u00f9 piccoli di cavalcare dei dolcissimi pony per un giorno.<\/p>\n<p>Si trova a <strong>Riccione<\/strong>, subito dopo l\u2019uscita dall\u2019A14.<\/p>\n<\/div><\/div><\/div><\/div><\/div><div class=\"w-tabs-section\" id=\"pb21\"><button class=\"w-tabs-section-header\" aria-controls=\"content-pb21\" aria-expanded=\"false\"><div class=\"w-tabs-section-title\">Fiabilandia<\/div><div class=\"w-tabs-section-control\"><\/div><\/button><div  class=\"w-tabs-section-content\" id=\"content-pb21\"><div class=\"w-tabs-section-content-h i-cf\"><div class=\"wpb_text_column\"><div class=\"wpb_wrapper\"><p><strong>Una giornata nel mondo delle favole<\/strong>. Tra lupi cattivi, streghe e maghi provetti. Fiabilandia \u00e8 il parco per chi \u00e8 bambino nel cuore. Anche gli adulti troveranno piacevoli le sue attrazioni. E giocare, una volta ogni tanto, coi propri piccoli non ha prezzo. Da vedere assolutamente. <strong>Si trova a Rimini<\/strong>.<\/p>\n<\/div><\/div><div class=\"w-image align_center\"><div class=\"w-image-h\"><img decoding=\"async\" width=\"768\" height=\"512\" src=\"https:\/\/www.residenceflower.it\/wp-content\/uploads\/2021\/03\/fiabilandia-rimini-768x512-1.jpg\" class=\"attachment-large size-large\" alt=\"\" loading=\"lazy\" srcset=\"https:\/\/www.residenceflower.it\/wp-content\/uploads\/2021\/03\/fiabilandia-rimini-768x512-1.jpg 768w, https:\/\/www.residenceflower.it\/wp-content\/uploads\/2021\/03\/fiabilandia-rimini-768x512-1-300x200.jpg 300w, https:\/\/www.residenceflower.it\/wp-content\/uploads\/2021\/03\/fiabilandia-rimini-768x512-1-600x400.jpg 600w\" sizes=\"auto, (max-width: 768px) 100vw, 768px\" \/><\/div><\/div><\/div><\/div><\/div><\/div><\/div><\/div><\/div><\/div><\/div><\/div><\/section>\n","protected":false},"excerpt":{"rendered":"Parchi divertimento in Romagna Mirabilandia\u00c8 il parco simbolo della Romagna. Tra i pi\u00f9 conosciuti, famosi e anche il pi\u00f9 grande d\u2019Italia. 800mila metri quadrati con attrazioni, spettacoli dal vivo e tantissimo divertimento. Mirabilandia beach \u00e8 il parco acquatico di Mirabilandia, con scivoli e giochi d\u2019acqua, un piccolo paradiso tropicale poco distante. Si trova a Ravenna,...","protected":false},"author":1,"featured_media":0,"parent":0,"menu_order":0,"comment_status":"closed","ping_status":"closed","template":"","meta":{"footnotes":""},"class_list":["post-392","page","type-page","status-publish","hentry"],"yoast_head":"<!-- This site is optimized with the Yoast SEO plugin v26.4 - https:\/\/yoast.com\/wordpress\/plugins\/seo\/ -->\n<title>Parchi divertimento in Romagna, Quelli da Visitare<\/title>\n<meta name=\"description\" content=\"Parchi divertimento in Romagna, sono da visitare: Mirabilandia, Italia in Miniatura, Oltremare, Fiabilandia, Aquafan.\" \/>\n<meta name=\"robots\" content=\"index, follow, max-snippet:-1, max-image-preview:large, max-video-preview:-1\" \/>\n<link rel=\"canonical\" href=\"https:\/\/www.residenceflower.it\/it\/parchi-divertimento-in-romagna.html\" \/>\n<meta property=\"og:locale\" content=\"it_IT\" \/>\n<meta property=\"og:type\" content=\"article\" \/>\n<meta property=\"og:title\" content=\"Parchi divertimento in Romagna, Quelli da Visitare\" \/>\n<meta property=\"og:description\" content=\"Parchi divertimento in Romagna, sono da visitare: Mirabilandia, Italia in Miniatura, Oltremare, Fiabilandia, Aquafan.\" \/>\n<meta property=\"og:url\" content=\"https:\/\/www.residenceflower.it\/it\/parchi-divertimento-in-romagna.html\" \/>\n<meta property=\"og:site_name\" content=\"Residence Flower\" \/>\n<meta property=\"article:modified_time\" content=\"2021-03-26T15:51:37+00:00\" \/>\n<meta name=\"twitter:card\" content=\"summary_large_image\" \/>\n<meta name=\"twitter:label1\" content=\"Tempo di lettura stimato\" \/>\n\t<meta name=\"twitter:data1\" content=\"2 minuti\" \/>\n<script type=\"application\/ld+json\" class=\"yoast-schema-graph\">{\"@context\":\"https:\/\/schema.org\",\"@graph\":[{\"@type\":\"WebPage\",\"@id\":\"https:\/\/www.residenceflower.it\/it\/parchi-divertimento-in-romagna.html\",\"url\":\"https:\/\/www.residenceflower.it\/it\/parchi-divertimento-in-romagna.html\",\"name\":\"Parchi divertimento in Romagna, Quelli da Visitare\",\"isPartOf\":{\"@id\":\"https:\/\/www.residenceflower.it\/it\/#website\"},\"datePublished\":\"2021-03-05T16:32:42+00:00\",\"dateModified\":\"2021-03-26T15:51:37+00:00\",\"description\":\"Parchi divertimento in Romagna, sono da visitare: Mirabilandia, Italia in Miniatura, Oltremare, Fiabilandia, Aquafan.\",\"breadcrumb\":{\"@id\":\"https:\/\/www.residenceflower.it\/it\/parchi-divertimento-in-romagna.html#breadcrumb\"},\"inLanguage\":\"it-IT\",\"potentialAction\":[{\"@type\":\"ReadAction\",\"target\":[\"https:\/\/www.residenceflower.it\/it\/parchi-divertimento-in-romagna.html\"]}]},{\"@type\":\"BreadcrumbList\",\"@id\":\"https:\/\/www.residenceflower.it\/it\/parchi-divertimento-in-romagna.html#breadcrumb\",\"itemListElement\":[{\"@type\":\"ListItem\",\"position\":1,\"name\":\"Home\",\"item\":\"https:\/\/www.residenceflower.it\/it\"},{\"@type\":\"ListItem\",\"position\":2,\"name\":\"Parchi divertimento in Romagna, Quelli da Visitare\"}]},{\"@type\":\"WebSite\",\"@id\":\"https:\/\/www.residenceflower.it\/it\/#website\",\"url\":\"https:\/\/www.residenceflower.it\/it\/\",\"name\":\"Residence Flower\",\"description\":\"Appartamenti estivi Igea Marina\",\"potentialAction\":[{\"@type\":\"SearchAction\",\"target\":{\"@type\":\"EntryPoint\",\"urlTemplate\":\"https:\/\/www.residenceflower.it\/it\/?s={search_term_string}\"},\"query-input\":{\"@type\":\"PropertyValueSpecification\",\"valueRequired\":true,\"valueName\":\"search_term_string\"}}],\"inLanguage\":\"it-IT\"}]}<\/script>\n<!-- \/ Yoast SEO plugin. -->","yoast_head_json":{"title":"Parchi divertimento in Romagna, Quelli da Visitare","description":"Parchi divertimento in Romagna, sono da visitare: Mirabilandia, Italia in Miniatura, Oltremare, Fiabilandia, Aquafan.","robots":{"index":"index","follow":"follow","max-snippet":"max-snippet:-1","max-image-preview":"max-image-preview:large","max-video-preview":"max-video-preview:-1"},"canonical":"https:\/\/www.residenceflower.it\/it\/parchi-divertimento-in-romagna.html","og_locale":"it_IT","og_type":"article","og_title":"Parchi divertimento in Romagna, Quelli da Visitare","og_description":"Parchi divertimento in Romagna, sono da visitare: Mirabilandia, Italia in Miniatura, Oltremare, Fiabilandia, Aquafan.","og_url":"https:\/\/www.residenceflower.it\/it\/parchi-divertimento-in-romagna.html","og_site_name":"Residence Flower","article_modified_time":"2021-03-26T15:51:37+00:00","twitter_card":"summary_large_image","twitter_misc":{"Tempo di lettura stimato":"2 minuti"},"schema":{"@context":"https:\/\/schema.org","@graph":[{"@type":"WebPage","@id":"https:\/\/www.residenceflower.it\/it\/parchi-divertimento-in-romagna.html","url":"https:\/\/www.residenceflower.it\/it\/parchi-divertimento-in-romagna.html","name":"Parchi divertimento in Romagna, Quelli da Visitare","isPartOf":{"@id":"https:\/\/www.residenceflower.it\/it\/#website"},"datePublished":"2021-03-05T16:32:42+00:00","dateModified":"2021-03-26T15:51:37+00:00","description":"Parchi divertimento in Romagna, sono da visitare: Mirabilandia, Italia in Miniatura, Oltremare, Fiabilandia, Aquafan.","breadcrumb":{"@id":"https:\/\/www.residenceflower.it\/it\/parchi-divertimento-in-romagna.html#breadcrumb"},"inLanguage":"it-IT","potentialAction":[{"@type":"ReadAction","target":["https:\/\/www.residenceflower.it\/it\/parchi-divertimento-in-romagna.html"]}]},{"@type":"BreadcrumbList","@id":"https:\/\/www.residenceflower.it\/it\/parchi-divertimento-in-romagna.html#breadcrumb","itemListElement":[{"@type":"ListItem","position":1,"name":"Home","item":"https:\/\/www.residenceflower.it\/it"},{"@type":"ListItem","position":2,"name":"Parchi divertimento in Romagna, Quelli da Visitare"}]},{"@type":"WebSite","@id":"https:\/\/www.residenceflower.it\/it\/#website","url":"https:\/\/www.residenceflower.it\/it\/","name":"Residence Flower","description":"Appartamenti estivi Igea Marina","potentialAction":[{"@type":"SearchAction","target":{"@type":"EntryPoint","urlTemplate":"https:\/\/www.residenceflower.it\/it\/?s={search_term_string}"},"query-input":{"@type":"PropertyValueSpecification","valueRequired":true,"valueName":"search_term_string"}}],"inLanguage":"it-IT"}]}},"_links":{"self":[{"href":"https:\/\/www.residenceflower.it\/it\/wp-json\/wp\/v2\/pages\/392","targetHints":{"allow":["GET"]}}],"collection":[{"href":"https:\/\/www.residenceflower.it\/it\/wp-json\/wp\/v2\/pages"}],"about":[{"href":"https:\/\/www.residenceflower.it\/it\/wp-json\/wp\/v2\/types\/page"}],"author":[{"embeddable":true,"href":"https:\/\/www.residenceflower.it\/it\/wp-json\/wp\/v2\/users\/1"}],"replies":[{"embeddable":true,"href":"https:\/\/www.residenceflower.it\/it\/wp-json\/wp\/v2\/comments?post=392"}],"version-history":[{"count":4,"href":"https:\/\/www.residenceflower.it\/it\/wp-json\/wp\/v2\/pages\/392\/revisions"}],"predecessor-version":[{"id":589,"href":"https:\/\/www.residenceflower.it\/it\/wp-json\/wp\/v2\/pages\/392\/revisions\/589"}],"wp:attachment":[{"href":"https:\/\/www.residenceflower.it\/it\/wp-json\/wp\/v2\/media?parent=392"}],"curies":[{"name":"wp","href":"https:\/\/api.w.org\/{rel}","templated":true}]}}