{"id":434,"date":"2021-03-05T19:34:42","date_gmt":"2021-03-05T18:34:42","guid":{"rendered":"http:\/\/www.residenceflower.it\/?page_id=434"},"modified":"2021-07-22T11:10:18","modified_gmt":"2021-07-22T09:10:18","slug":"covid19-sicurezza-residence","status":"publish","type":"page","link":"https:\/\/www.residenceflower.it\/it\/covid19-sicurezza-residence.html","title":{"rendered":"Covid19 Sicurezza nel Residence Flower"},"content":{"rendered":"<section class=\"l-section wpb_row height_medium\"><div class=\"l-section-h i-cf\"><div class=\"g-cols vc_row via_flex valign_top type_default stacking_default\"><div class=\"vc_col-sm-6 wpb_column vc_column_container\"><div class=\"vc_column-inner\"><div class=\"wpb_wrapper\"><div class=\"wpb_text_column\"><div class=\"wpb_wrapper\"><h1 style=\"color: #32dab0; text-align: center; margin-bottom: 0;\">Sicurezza estate 2021 nel Residence Flower<\/h1>\n<\/div><\/div><div class=\"w-separator size_medium\"><\/div><div class=\"wpb_text_column\"><div class=\"wpb_wrapper\"><p><strong>Una vacanza sicura \u00e8 una vacanza felice<\/strong><br \/>\nData l\u2019emergenza che ci ha colpito negli ultimi tempi \u00e8 stato, ed \u00e8 nostro dovere, predisporre un <strong>protocollo di sicurezza<\/strong> per dare serenit\u00e0 a tutti i nostri ospiti. Siamo in costante contatto con esperti e tecnici per attuare le migliori misure e rispettare le normative di legge.<\/p>\n<p><strong>Tutti i nostri appartamenti sono sanificati e igienizzati<\/strong><br \/>\nMa richiediamo ai clienti accortezza e responsabilit\u00e0 laddove non ci \u00e8 possibile intervenire. Ricordiamo sempre che chi \u00e8 positivo, ha sintomi ascrivibili al Covid, \u00e8 in quarantena oppure ha avuto contatti stretti con positivi non pu\u00f2 accedere agli appartamenti. Restano salve le ulteriori misure e deroghe previste da successivi DPCM.<\/p>\n<\/div><\/div><\/div><\/div><\/div><div class=\"vc_col-sm-6 wpb_column vc_column_container\"><div class=\"vc_column-inner\"><div class=\"wpb_wrapper\"><div class=\"w-grid type_grid layout_gallery_default cols_2 preload_style_spinner\" id=\"us_grid_1\" style=\"--columns:2;--gap:0.5rem;\" data-filterable=\"true\"><style>.layout_gallery_default .w-grid-item-h{}<\/style><div class=\"w-grid-list\">\t<article class=\"w-grid-item size_1x1 post-149 attachment type-attachment status-inherit hentry\" data-id=\"149\">\n\t\t<div class=\"w-grid-item-h\">\n\t\t\t\t\t\t\t<a ref=\"magnificPopupGrid\" href=\"https:\/\/www.residenceflower.it\/wp-content\/uploads\/2021\/03\/flower10-camera-coppia-colazione.jpg\" class=\"w-grid-item-anchor\" aria-label=\"flower10-camera-coppia-colazione\"><\/a>\n\t\t\t\t\t\t<div class=\"w-post-elm post_image usg_post_image_1 stretched\"><img loading=\"lazy\" decoding=\"async\" width=\"1024\" height=\"682\" src=\"https:\/\/www.residenceflower.it\/wp-content\/uploads\/2021\/03\/flower10-camera-coppia-colazione-1024x682.jpg\" class=\"attachment-large size-large\" alt=\"\" srcset=\"https:\/\/www.residenceflower.it\/wp-content\/uploads\/2021\/03\/flower10-camera-coppia-colazione-1024x682.jpg 1024w, https:\/\/www.residenceflower.it\/wp-content\/uploads\/2021\/03\/flower10-camera-coppia-colazione-300x200.jpg 300w, https:\/\/www.residenceflower.it\/wp-content\/uploads\/2021\/03\/flower10-camera-coppia-colazione-600x400.jpg 600w, https:\/\/www.residenceflower.it\/wp-content\/uploads\/2021\/03\/flower10-camera-coppia-colazione.jpg 1348w\" sizes=\"auto, (max-width: 1024px) 100vw, 1024px\" \/><\/div>\t\t<\/div>\n\t\t\t<\/article>\n\t<article class=\"w-grid-item size_1x1 post-161 attachment type-attachment status-inherit hentry\" data-id=\"161\">\n\t\t<div class=\"w-grid-item-h\">\n\t\t\t\t\t\t\t<a ref=\"magnificPopupGrid\" href=\"https:\/\/www.residenceflower.it\/wp-content\/uploads\/2021\/03\/flower16-camera-valigia-coppia.jpg\" class=\"w-grid-item-anchor\" aria-label=\"flower16-camera-valigia-coppia\"><\/a>\n\t\t\t\t\t\t<div class=\"w-post-elm post_image usg_post_image_1 stretched\"><img loading=\"lazy\" decoding=\"async\" width=\"1024\" height=\"683\" src=\"https:\/\/www.residenceflower.it\/wp-content\/uploads\/2021\/03\/flower16-camera-valigia-coppia-1024x683.jpg\" class=\"attachment-large size-large\" alt=\"\" srcset=\"https:\/\/www.residenceflower.it\/wp-content\/uploads\/2021\/03\/flower16-camera-valigia-coppia-1024x683.jpg 1024w, https:\/\/www.residenceflower.it\/wp-content\/uploads\/2021\/03\/flower16-camera-valigia-coppia-300x200.jpg 300w, https:\/\/www.residenceflower.it\/wp-content\/uploads\/2021\/03\/flower16-camera-valigia-coppia-600x400.jpg 600w, https:\/\/www.residenceflower.it\/wp-content\/uploads\/2021\/03\/flower16-camera-valigia-coppia.jpg 1348w\" sizes=\"auto, (max-width: 1024px) 100vw, 1024px\" \/><\/div>\t\t<\/div>\n\t\t\t<\/article>\n\t<article class=\"w-grid-item size_1x1 post-185 attachment type-attachment status-inherit hentry\" data-id=\"185\">\n\t\t<div class=\"w-grid-item-h\">\n\t\t\t\t\t\t\t<a ref=\"magnificPopupGrid\" href=\"https:\/\/www.residenceflower.it\/wp-content\/uploads\/2021\/03\/flower32-terrazza-family.jpg\" class=\"w-grid-item-anchor\" aria-label=\"flower32-terrazza-family\"><\/a>\n\t\t\t\t\t\t<div class=\"w-post-elm post_image usg_post_image_1 stretched\"><img loading=\"lazy\" decoding=\"async\" width=\"1024\" height=\"682\" src=\"https:\/\/www.residenceflower.it\/wp-content\/uploads\/2021\/03\/flower32-terrazza-family-1024x682.jpg\" class=\"attachment-large size-large\" alt=\"\" srcset=\"https:\/\/www.residenceflower.it\/wp-content\/uploads\/2021\/03\/flower32-terrazza-family-1024x682.jpg 1024w, https:\/\/www.residenceflower.it\/wp-content\/uploads\/2021\/03\/flower32-terrazza-family-300x200.jpg 300w, https:\/\/www.residenceflower.it\/wp-content\/uploads\/2021\/03\/flower32-terrazza-family-600x400.jpg 600w, https:\/\/www.residenceflower.it\/wp-content\/uploads\/2021\/03\/flower32-terrazza-family.jpg 1348w\" sizes=\"auto, (max-width: 1024px) 100vw, 1024px\" \/><\/div>\t\t<\/div>\n\t\t\t<\/article>\n\t<article class=\"w-grid-item size_1x1 post-169 attachment type-attachment status-inherit hentry\" data-id=\"169\">\n\t\t<div class=\"w-grid-item-h\">\n\t\t\t\t\t\t\t<a ref=\"magnificPopupGrid\" href=\"https:\/\/www.residenceflower.it\/wp-content\/uploads\/2021\/03\/flower20-camera-donna-pc.jpg\" class=\"w-grid-item-anchor\" aria-label=\"flower20-camera-donna-pc\"><\/a>\n\t\t\t\t\t\t<div class=\"w-post-elm post_image usg_post_image_1 stretched\"><img loading=\"lazy\" decoding=\"async\" width=\"1024\" height=\"683\" src=\"https:\/\/www.residenceflower.it\/wp-content\/uploads\/2021\/03\/flower20-camera-donna-pc-1024x683.jpg\" class=\"attachment-large size-large\" alt=\"\" srcset=\"https:\/\/www.residenceflower.it\/wp-content\/uploads\/2021\/03\/flower20-camera-donna-pc-1024x683.jpg 1024w, https:\/\/www.residenceflower.it\/wp-content\/uploads\/2021\/03\/flower20-camera-donna-pc-300x200.jpg 300w, https:\/\/www.residenceflower.it\/wp-content\/uploads\/2021\/03\/flower20-camera-donna-pc-600x400.jpg 600w, https:\/\/www.residenceflower.it\/wp-content\/uploads\/2021\/03\/flower20-camera-donna-pc.jpg 1348w\" sizes=\"auto, (max-width: 1024px) 100vw, 1024px\" \/><\/div>\t\t<\/div>\n\t\t\t<\/article>\n<\/div><div class=\"w-grid-preloader\">\t<div class=\"g-preloader type_1\">\n\t\t<div><\/div>\n\t<\/div>\n\t<\/div>\t<div class=\"w-grid-json hidden\" onclick='return {&quot;action&quot;:&quot;us_ajax_grid&quot;,&quot;infinite_scroll&quot;:0,&quot;max_num_pages&quot;:1,&quot;pagination&quot;:&quot;none&quot;,&quot;template_vars&quot;:{&quot;columns&quot;:&quot;2&quot;,&quot;exclude_items&quot;:&quot;none&quot;,&quot;img_size&quot;:&quot;default&quot;,&quot;ignore_items_size&quot;:0,&quot;items_layout&quot;:&quot;gallery_default&quot;,&quot;items_offset&quot;:&quot;1&quot;,&quot;load_animation&quot;:&quot;none&quot;,&quot;overriding_link&quot;:&quot;%7B%22type%22%3A%22popup_image%22%7D&quot;,&quot;post_id&quot;:0,&quot;query_args&quot;:{&quot;post_type&quot;:[&quot;attachment&quot;],&quot;post__in&quot;:[&quot;149&quot;,&quot;161&quot;,&quot;185&quot;,&quot;169&quot;],&quot;post_status&quot;:&quot;inherit&quot;,&quot;post_mime_type&quot;:&quot;image&quot;,&quot;posts_per_page&quot;:999},&quot;orderby_query_args&quot;:{&quot;orderby&quot;:{&quot;post__in&quot;:&quot;ASC&quot;},&quot;order&quot;:&quot;ASC&quot;},&quot;type&quot;:&quot;grid&quot;,&quot;us_grid_post_type&quot;:&quot;attachment&quot;,&quot;us_grid_ajax_index&quot;:1,&quot;us_grid_filter_query_string&quot;:null,&quot;us_grid_index&quot;:1,&quot;page_args&quot;:[]}}'><\/div>\n\t<\/div><\/div><\/div><\/div><\/div><\/div><\/section><section class=\"l-section wpb_row height_medium color_alternate\"><div class=\"l-section-h i-cf\"><div class=\"g-cols vc_row via_flex valign_top type_default stacking_default\"><div class=\"vc_col-sm-6 wpb_column vc_column_container\"><div class=\"vc_column-inner\"><div class=\"wpb_wrapper\"><div class=\"w-grid type_grid layout_gallery_default cols_2 preload_style_spinner\" id=\"us_grid_2\" style=\"--columns:2;--gap:0.5rem;\" data-filterable=\"true\"><div class=\"w-grid-list\">\t<article class=\"w-grid-item size_1x1 post-195 attachment type-attachment status-inherit hentry\" data-id=\"195\">\n\t\t<div class=\"w-grid-item-h\">\n\t\t\t\t\t\t\t<a ref=\"magnificPopupGrid\" href=\"https:\/\/www.residenceflower.it\/wp-content\/uploads\/2021\/03\/flower42-entrata.jpg\" class=\"w-grid-item-anchor\" aria-label=\"flower42-entrata\"><\/a>\n\t\t\t\t\t\t<div class=\"w-post-elm post_image usg_post_image_1 stretched\"><img loading=\"lazy\" decoding=\"async\" width=\"1024\" height=\"646\" src=\"https:\/\/www.residenceflower.it\/wp-content\/uploads\/2021\/03\/flower42-entrata-1024x646.jpg\" class=\"attachment-large size-large\" alt=\"\" srcset=\"https:\/\/www.residenceflower.it\/wp-content\/uploads\/2021\/03\/flower42-entrata-1024x646.jpg 1024w, https:\/\/www.residenceflower.it\/wp-content\/uploads\/2021\/03\/flower42-entrata-300x189.jpg 300w, https:\/\/www.residenceflower.it\/wp-content\/uploads\/2021\/03\/flower42-entrata-600x379.jpg 600w, https:\/\/www.residenceflower.it\/wp-content\/uploads\/2021\/03\/flower42-entrata.jpg 1348w\" sizes=\"auto, (max-width: 1024px) 100vw, 1024px\" \/><\/div>\t\t<\/div>\n\t\t\t<\/article>\n\t<article class=\"w-grid-item size_1x1 post-308 attachment type-attachment status-inherit hentry\" data-id=\"308\">\n\t\t<div class=\"w-grid-item-h\">\n\t\t\t\t\t\t\t<a ref=\"magnificPopupGrid\" href=\"https:\/\/www.residenceflower.it\/wp-content\/uploads\/2021\/03\/porto-bellaria-barche.jpg\" class=\"w-grid-item-anchor\" aria-label=\"porto-bellaria-barche\"><\/a>\n\t\t\t\t\t\t<div class=\"w-post-elm post_image usg_post_image_1 stretched\"><img loading=\"lazy\" decoding=\"async\" width=\"1000\" height=\"667\" src=\"https:\/\/www.residenceflower.it\/wp-content\/uploads\/2021\/03\/porto-bellaria-barche.jpg\" class=\"attachment-large size-large\" alt=\"\" srcset=\"https:\/\/www.residenceflower.it\/wp-content\/uploads\/2021\/03\/porto-bellaria-barche.jpg 1000w, https:\/\/www.residenceflower.it\/wp-content\/uploads\/2021\/03\/porto-bellaria-barche-300x200.jpg 300w, https:\/\/www.residenceflower.it\/wp-content\/uploads\/2021\/03\/porto-bellaria-barche-600x400.jpg 600w\" sizes=\"auto, (max-width: 1000px) 100vw, 1000px\" \/><\/div>\t\t<\/div>\n\t\t\t<\/article>\n\t<article class=\"w-grid-item size_1x1 post-197 attachment type-attachment status-inherit hentry\" data-id=\"197\">\n\t\t<div class=\"w-grid-item-h\">\n\t\t\t\t\t\t\t<a ref=\"magnificPopupGrid\" href=\"https:\/\/www.residenceflower.it\/wp-content\/uploads\/2021\/03\/flower43-entrata.jpg\" class=\"w-grid-item-anchor\" aria-label=\"flower43-entrata\"><\/a>\n\t\t\t\t\t\t<div class=\"w-post-elm post_image usg_post_image_1 stretched\"><img loading=\"lazy\" decoding=\"async\" width=\"1024\" height=\"698\" src=\"https:\/\/www.residenceflower.it\/wp-content\/uploads\/2021\/03\/flower43-entrata-1024x698.jpg\" class=\"attachment-large size-large\" alt=\"\" srcset=\"https:\/\/www.residenceflower.it\/wp-content\/uploads\/2021\/03\/flower43-entrata-1024x698.jpg 1024w, https:\/\/www.residenceflower.it\/wp-content\/uploads\/2021\/03\/flower43-entrata-300x205.jpg 300w, https:\/\/www.residenceflower.it\/wp-content\/uploads\/2021\/03\/flower43-entrata-587x400.jpg 587w, https:\/\/www.residenceflower.it\/wp-content\/uploads\/2021\/03\/flower43-entrata.jpg 1348w\" sizes=\"auto, (max-width: 1024px) 100vw, 1024px\" \/><\/div>\t\t<\/div>\n\t\t\t<\/article>\n\t<article class=\"w-grid-item size_1x1 post-292 attachment type-attachment status-inherit hentry\" data-id=\"292\">\n\t\t<div class=\"w-grid-item-h\">\n\t\t\t\t\t\t\t<a ref=\"magnificPopupGrid\" href=\"https:\/\/www.residenceflower.it\/wp-content\/uploads\/2021\/03\/bellaria-porto-header-1.jpg\" class=\"w-grid-item-anchor\" aria-label=\"-bellaria-porto-header\"><\/a>\n\t\t\t\t\t\t<div class=\"w-post-elm post_image usg_post_image_1 stretched\"><img loading=\"lazy\" decoding=\"async\" width=\"1024\" height=\"491\" src=\"https:\/\/www.residenceflower.it\/wp-content\/uploads\/2021\/03\/bellaria-porto-header-1-1024x491.jpg\" class=\"attachment-large size-large\" alt=\"\" srcset=\"https:\/\/www.residenceflower.it\/wp-content\/uploads\/2021\/03\/bellaria-porto-header-1-1024x491.jpg 1024w, https:\/\/www.residenceflower.it\/wp-content\/uploads\/2021\/03\/bellaria-porto-header-1-300x144.jpg 300w, https:\/\/www.residenceflower.it\/wp-content\/uploads\/2021\/03\/bellaria-porto-header-1-600x288.jpg 600w, https:\/\/www.residenceflower.it\/wp-content\/uploads\/2021\/03\/bellaria-porto-header-1.jpg 1920w\" sizes=\"auto, (max-width: 1024px) 100vw, 1024px\" \/><\/div>\t\t<\/div>\n\t\t\t<\/article>\n<\/div><div class=\"w-grid-preloader\">\t<div class=\"g-preloader type_1\">\n\t\t<div><\/div>\n\t<\/div>\n\t<\/div>\t<div class=\"w-grid-json hidden\" onclick='return {&quot;action&quot;:&quot;us_ajax_grid&quot;,&quot;infinite_scroll&quot;:0,&quot;max_num_pages&quot;:1,&quot;pagination&quot;:&quot;none&quot;,&quot;template_vars&quot;:{&quot;columns&quot;:&quot;2&quot;,&quot;exclude_items&quot;:&quot;none&quot;,&quot;img_size&quot;:&quot;default&quot;,&quot;ignore_items_size&quot;:0,&quot;items_layout&quot;:&quot;gallery_default&quot;,&quot;items_offset&quot;:&quot;1&quot;,&quot;load_animation&quot;:&quot;none&quot;,&quot;overriding_link&quot;:&quot;%7B%22type%22%3A%22popup_image%22%7D&quot;,&quot;post_id&quot;:0,&quot;query_args&quot;:{&quot;post_type&quot;:[&quot;attachment&quot;],&quot;post__in&quot;:[&quot;195&quot;,&quot;308&quot;,&quot;197&quot;,&quot;292&quot;],&quot;post_status&quot;:&quot;inherit&quot;,&quot;post_mime_type&quot;:&quot;image&quot;,&quot;posts_per_page&quot;:999},&quot;orderby_query_args&quot;:{&quot;orderby&quot;:{&quot;post__in&quot;:&quot;ASC&quot;},&quot;order&quot;:&quot;ASC&quot;},&quot;type&quot;:&quot;grid&quot;,&quot;us_grid_post_type&quot;:&quot;attachment&quot;,&quot;us_grid_ajax_index&quot;:2,&quot;us_grid_filter_query_string&quot;:null,&quot;us_grid_index&quot;:2,&quot;page_args&quot;:[]}}'><\/div>\n\t<\/div><\/div><\/div><\/div><div class=\"vc_col-sm-6 wpb_column vc_column_container\"><div class=\"vc_column-inner\"><div class=\"wpb_wrapper\"><div class=\"wpb_text_column\"><div class=\"wpb_wrapper\"><p><strong>Le misure che adottiamo per le tue Vacanze in sicurezza:<\/strong><\/p>\n<ul>\n<li>pulizia costante degli appartamenti prima e dopo l\u2019ingresso in casa<\/li>\n<li>pulsantiere, balaustre, sedute e ringhiere igienizzate ogni volta che il personale pulisce le aree comuni<\/li>\n<li>uso di prodotti professionali e disinfettanti di alta qualit\u00e0<\/li>\n<li>lavaggio prima con prodotti a base di sapone e poi sanificazione con alcool. Questo per garantire che le aree pi\u00f9 frequentate, al di fuori degli appartamenti in affitto, siano sicure per tutti<\/li>\n<li>I nostri operatori indossano mascherine e tute protettive<\/li>\n<li>la biancheria in casa \u00e8 sterilizzata a 90\u00b0 e lavata con sapone e acqua calda<\/li>\n<li>i filtri dell\u2019aria condizionata sono puliti e cambiati regolarmente<\/li>\n<li>i locali sono sempre arieggiati prima dell\u2019arrivo degli ospiti per consentire un ricambio d\u2019aria e rendere l\u2019ambiente pi\u00f9 salubre<br \/>\nper letti, divani letto, poltrone ecc. usiamo vapore secco e\/o dispositivi specifici<\/li>\n<li>candeggina, varechina, alcool al 70% e lavaggi dei tessuti sopra i 70\u00b0<\/li>\n<\/ul>\n<\/div><\/div><\/div><\/div><\/div><\/div><\/div><\/section>\n","protected":false},"excerpt":{"rendered":"","protected":false},"author":1,"featured_media":0,"parent":0,"menu_order":0,"comment_status":"closed","ping_status":"closed","template":"","meta":{"footnotes":""},"class_list":["post-434","page","type-page","status-publish","hentry"],"yoast_head":"<!-- This site is optimized with the Yoast SEO plugin v26.4 - https:\/\/yoast.com\/wordpress\/plugins\/seo\/ -->\n<title>Covid19 Sicurezza nel Residence Flower<\/title>\n<meta name=\"description\" content=\"Covid19 Sicurezza nel Residence Flower di Igea Marina. appartamenti sanificati ed igienizzati. Pulizia costante, nostri operatori con mascherine. filtri dell&#039;aria, biancheria in casa.\" \/>\n<meta name=\"robots\" content=\"index, follow, max-snippet:-1, max-image-preview:large, max-video-preview:-1\" \/>\n<link rel=\"canonical\" href=\"https:\/\/www.residenceflower.it\/it\/covid19-sicurezza-residence.html\" \/>\n<meta property=\"og:locale\" content=\"it_IT\" \/>\n<meta property=\"og:type\" content=\"article\" \/>\n<meta property=\"og:title\" content=\"Covid19 Sicurezza nel Residence Flower\" \/>\n<meta property=\"og:description\" content=\"Covid19 Sicurezza nel Residence Flower di Igea Marina. appartamenti sanificati ed igienizzati. Pulizia costante, nostri operatori con mascherine. filtri dell&#039;aria, biancheria in casa.\" \/>\n<meta property=\"og:url\" content=\"https:\/\/www.residenceflower.it\/it\/covid19-sicurezza-residence.html\" \/>\n<meta property=\"og:site_name\" content=\"Residence Flower\" \/>\n<meta property=\"article:modified_time\" content=\"2021-07-22T09:10:18+00:00\" \/>\n<meta name=\"twitter:card\" content=\"summary_large_image\" \/>\n<meta name=\"twitter:label1\" content=\"Tempo di lettura stimato\" \/>\n\t<meta name=\"twitter:data1\" content=\"2 minuti\" \/>\n<script type=\"application\/ld+json\" class=\"yoast-schema-graph\">{\"@context\":\"https:\/\/schema.org\",\"@graph\":[{\"@type\":\"WebPage\",\"@id\":\"https:\/\/www.residenceflower.it\/it\/covid19-sicurezza-residence.html\",\"url\":\"https:\/\/www.residenceflower.it\/it\/covid19-sicurezza-residence.html\",\"name\":\"Covid19 Sicurezza nel Residence Flower\",\"isPartOf\":{\"@id\":\"https:\/\/www.residenceflower.it\/it\/#website\"},\"datePublished\":\"2021-03-05T18:34:42+00:00\",\"dateModified\":\"2021-07-22T09:10:18+00:00\",\"description\":\"Covid19 Sicurezza nel Residence Flower di Igea Marina. appartamenti sanificati ed igienizzati. Pulizia costante, nostri operatori con mascherine. filtri dell'aria, biancheria in casa.\",\"breadcrumb\":{\"@id\":\"https:\/\/www.residenceflower.it\/it\/covid19-sicurezza-residence.html#breadcrumb\"},\"inLanguage\":\"it-IT\",\"potentialAction\":[{\"@type\":\"ReadAction\",\"target\":[\"https:\/\/www.residenceflower.it\/it\/covid19-sicurezza-residence.html\"]}]},{\"@type\":\"BreadcrumbList\",\"@id\":\"https:\/\/www.residenceflower.it\/it\/covid19-sicurezza-residence.html#breadcrumb\",\"itemListElement\":[{\"@type\":\"ListItem\",\"position\":1,\"name\":\"Home\",\"item\":\"https:\/\/www.residenceflower.it\/it\"},{\"@type\":\"ListItem\",\"position\":2,\"name\":\"Covid19 Sicurezza nel Residence Flower\"}]},{\"@type\":\"WebSite\",\"@id\":\"https:\/\/www.residenceflower.it\/it\/#website\",\"url\":\"https:\/\/www.residenceflower.it\/it\/\",\"name\":\"Residence Flower\",\"description\":\"Appartamenti estivi Igea Marina\",\"potentialAction\":[{\"@type\":\"SearchAction\",\"target\":{\"@type\":\"EntryPoint\",\"urlTemplate\":\"https:\/\/www.residenceflower.it\/it\/?s={search_term_string}\"},\"query-input\":{\"@type\":\"PropertyValueSpecification\",\"valueRequired\":true,\"valueName\":\"search_term_string\"}}],\"inLanguage\":\"it-IT\"}]}<\/script>\n<!-- \/ Yoast SEO plugin. -->","yoast_head_json":{"title":"Covid19 Sicurezza nel Residence Flower","description":"Covid19 Sicurezza nel Residence Flower di Igea Marina. appartamenti sanificati ed igienizzati. Pulizia costante, nostri operatori con mascherine. filtri dell'aria, biancheria in casa.","robots":{"index":"index","follow":"follow","max-snippet":"max-snippet:-1","max-image-preview":"max-image-preview:large","max-video-preview":"max-video-preview:-1"},"canonical":"https:\/\/www.residenceflower.it\/it\/covid19-sicurezza-residence.html","og_locale":"it_IT","og_type":"article","og_title":"Covid19 Sicurezza nel Residence Flower","og_description":"Covid19 Sicurezza nel Residence Flower di Igea Marina. appartamenti sanificati ed igienizzati. Pulizia costante, nostri operatori con mascherine. filtri dell'aria, biancheria in casa.","og_url":"https:\/\/www.residenceflower.it\/it\/covid19-sicurezza-residence.html","og_site_name":"Residence Flower","article_modified_time":"2021-07-22T09:10:18+00:00","twitter_card":"summary_large_image","twitter_misc":{"Tempo di lettura stimato":"2 minuti"},"schema":{"@context":"https:\/\/schema.org","@graph":[{"@type":"WebPage","@id":"https:\/\/www.residenceflower.it\/it\/covid19-sicurezza-residence.html","url":"https:\/\/www.residenceflower.it\/it\/covid19-sicurezza-residence.html","name":"Covid19 Sicurezza nel Residence Flower","isPartOf":{"@id":"https:\/\/www.residenceflower.it\/it\/#website"},"datePublished":"2021-03-05T18:34:42+00:00","dateModified":"2021-07-22T09:10:18+00:00","description":"Covid19 Sicurezza nel Residence Flower di Igea Marina. appartamenti sanificati ed igienizzati. Pulizia costante, nostri operatori con mascherine. filtri dell'aria, biancheria in casa.","breadcrumb":{"@id":"https:\/\/www.residenceflower.it\/it\/covid19-sicurezza-residence.html#breadcrumb"},"inLanguage":"it-IT","potentialAction":[{"@type":"ReadAction","target":["https:\/\/www.residenceflower.it\/it\/covid19-sicurezza-residence.html"]}]},{"@type":"BreadcrumbList","@id":"https:\/\/www.residenceflower.it\/it\/covid19-sicurezza-residence.html#breadcrumb","itemListElement":[{"@type":"ListItem","position":1,"name":"Home","item":"https:\/\/www.residenceflower.it\/it"},{"@type":"ListItem","position":2,"name":"Covid19 Sicurezza nel Residence Flower"}]},{"@type":"WebSite","@id":"https:\/\/www.residenceflower.it\/it\/#website","url":"https:\/\/www.residenceflower.it\/it\/","name":"Residence Flower","description":"Appartamenti estivi Igea Marina","potentialAction":[{"@type":"SearchAction","target":{"@type":"EntryPoint","urlTemplate":"https:\/\/www.residenceflower.it\/it\/?s={search_term_string}"},"query-input":{"@type":"PropertyValueSpecification","valueRequired":true,"valueName":"search_term_string"}}],"inLanguage":"it-IT"}]}},"_links":{"self":[{"href":"https:\/\/www.residenceflower.it\/it\/wp-json\/wp\/v2\/pages\/434","targetHints":{"allow":["GET"]}}],"collection":[{"href":"https:\/\/www.residenceflower.it\/it\/wp-json\/wp\/v2\/pages"}],"about":[{"href":"https:\/\/www.residenceflower.it\/it\/wp-json\/wp\/v2\/types\/page"}],"author":[{"embeddable":true,"href":"https:\/\/www.residenceflower.it\/it\/wp-json\/wp\/v2\/users\/1"}],"replies":[{"embeddable":true,"href":"https:\/\/www.residenceflower.it\/it\/wp-json\/wp\/v2\/comments?post=434"}],"version-history":[{"count":9,"href":"https:\/\/www.residenceflower.it\/it\/wp-json\/wp\/v2\/pages\/434\/revisions"}],"predecessor-version":[{"id":719,"href":"https:\/\/www.residenceflower.it\/it\/wp-json\/wp\/v2\/pages\/434\/revisions\/719"}],"wp:attachment":[{"href":"https:\/\/www.residenceflower.it\/it\/wp-json\/wp\/v2\/media?parent=434"}],"curies":[{"name":"wp","href":"https:\/\/api.w.org\/{rel}","templated":true}]}}